{"id":13,"date":"2026-02-19T12:01:19","date_gmt":"2026-02-19T12:01:19","guid":{"rendered":"https:\/\/fruterialidia.rkinformatika.online\/?page_id=13"},"modified":"2026-02-25T12:30:49","modified_gmt":"2026-02-25T12:30:49","slug":"servicios","status":"publish","type":"page","link":"https:\/\/fruterialidia.com\/en\/servicios\/","title":{"rendered":"Services"},"content":{"rendered":"<div data-elementor-type=\"wp-page\" data-elementor-id=\"13\" class=\"elementor elementor-13\" data-elementor-post-type=\"page\">\n\t\t\t\t<div class=\"elementor-element elementor-element-1f05f502 e-con-full e-flex e-con e-parent\" data-id=\"1f05f502\" data-element_type=\"container\" data-e-type=\"container\" data-settings=\"{&quot;background_background&quot;:&quot;classic&quot;}\">\n\t\t<div class=\"elementor-element elementor-element-69142f45 e-grid e-con-full e-con e-child\" data-id=\"69142f45\" data-element_type=\"container\" data-e-type=\"container\">\n\t\t<div class=\"elementor-element elementor-element-2ab1dd89 e-con-full e-flex e-con e-child\" data-id=\"2ab1dd89\" data-element_type=\"container\" data-e-type=\"container\" data-settings=\"{&quot;background_background&quot;:&quot;classic&quot;}\">\n\t\t<div class=\"elementor-element elementor-element-65f1ee7b e-con-full e-flex e-con e-child\" data-id=\"65f1ee7b\" data-element_type=\"container\" data-e-type=\"container\" data-settings=\"{&quot;background_background&quot;:&quot;classic&quot;}\">\n\t\t\t\t<\/div>\n\t\t<div class=\"elementor-element elementor-element-dc7c80 e-con-full e-flex e-con e-child\" data-id=\"dc7c80\" data-element_type=\"container\" data-e-type=\"container\" data-settings=\"{&quot;background_background&quot;:&quot;classic&quot;}\">\n\t\t\t\t<div class=\"elementor-element elementor-element-74c14402 elementor-widget elementor-widget-heading\" data-id=\"74c14402\" data-element_type=\"widget\" data-e-type=\"widget\" data-widget_type=\"heading.default\">\n\t\t\t\t\t<h2 class=\"elementor-heading-title elementor-size-default\">Frutas Frescas<\/h2>\t\t\t\t<\/div>\n\t\t\t\t<div class=\"elementor-element elementor-element-3c9eb23e elementor-widget elementor-widget-text-editor\" data-id=\"3c9eb23e\" data-element_type=\"widget\" data-e-type=\"widget\" data-widget_type=\"text-editor.default\">\n\t\t\t\t\t\t\t\t\t<p data-start=\"2145\" data-end=\"2251\">Amplia variedad de frutas frescas, seleccionadas diariamente para garantizar sabor y calidad.<\/p>\t\t\t\t\t\t\t\t<\/div>\n\t\t\t\t<\/div>\n\t\t\t\t<\/div>\n\t\t<div class=\"elementor-element elementor-element-6b4a6f6b e-con-full e-flex e-con e-child\" data-id=\"6b4a6f6b\" data-element_type=\"container\" data-e-type=\"container\" data-settings=\"{&quot;background_background&quot;:&quot;classic&quot;}\">\n\t\t<div class=\"elementor-element elementor-element-7f0d3e8c e-con-full e-flex e-con e-child\" data-id=\"7f0d3e8c\" data-element_type=\"container\" data-e-type=\"container\" data-settings=\"{&quot;background_background&quot;:&quot;classic&quot;}\">\n\t\t\t\t<\/div>\n\t\t<div class=\"elementor-element elementor-element-63f24f43 e-con-full e-flex e-con e-child\" data-id=\"63f24f43\" data-element_type=\"container\" data-e-type=\"container\" data-settings=\"{&quot;background_background&quot;:&quot;classic&quot;}\">\n\t\t\t\t<div class=\"elementor-element elementor-element-2520fa51 elementor-widget elementor-widget-heading\" data-id=\"2520fa51\" data-element_type=\"widget\" data-e-type=\"widget\" data-widget_type=\"heading.default\">\n\t\t\t\t\t<h2 class=\"elementor-heading-title elementor-size-default\">Verduras de Temporada<\/h2>\t\t\t\t<\/div>\n\t\t\t\t<div class=\"elementor-element elementor-element-1c010b8e elementor-widget elementor-widget-text-editor\" data-id=\"1c010b8e\" data-element_type=\"widget\" data-e-type=\"widget\" data-widget_type=\"text-editor.default\">\n\t\t\t\t\t\t\t\t\t<p data-start=\"2356\" data-end=\"2452\">Verduras frescas de temporada, incluyendo productos cultivados por nosotros mismos.<\/p>\t\t\t\t\t\t\t\t<\/div>\n\t\t\t\t<\/div>\n\t\t\t\t<\/div>\n\t\t<div class=\"elementor-element elementor-element-4a14ffe8 e-con-full e-flex e-con e-child\" data-id=\"4a14ffe8\" data-element_type=\"container\" data-e-type=\"container\" data-settings=\"{&quot;background_background&quot;:&quot;classic&quot;}\">\n\t\t<div class=\"elementor-element elementor-element-7b3c114c e-con-full e-flex e-con e-child\" data-id=\"7b3c114c\" data-element_type=\"container\" data-e-type=\"container\" data-settings=\"{&quot;background_background&quot;:&quot;classic&quot;}\">\n\t\t\t\t<\/div>\n\t\t<div class=\"elementor-element elementor-element-2a56493f e-con-full e-flex e-con e-child\" data-id=\"2a56493f\" data-element_type=\"container\" data-e-type=\"container\" data-settings=\"{&quot;background_background&quot;:&quot;classic&quot;}\">\n\t\t\t\t<div class=\"elementor-element elementor-element-403f5fb1 elementor-widget elementor-widget-heading\" data-id=\"403f5fb1\" data-element_type=\"widget\" data-e-type=\"widget\" data-widget_type=\"heading.default\">\n\t\t\t\t\t<h2 class=\"elementor-heading-title elementor-size-default\">Verduras de Cultivo Propio<\/h2>\t\t\t\t<\/div>\n\t\t\t\t<div class=\"elementor-element elementor-element-23135544 elementor-widget elementor-widget-text-editor\" data-id=\"23135544\" data-element_type=\"widget\" data-e-type=\"widget\" data-widget_type=\"text-editor.default\">\n\t\t\t\t\t\t\t\t\t<p data-start=\"2560\" data-end=\"2653\">Productos cultivados con dedicaci\u00f3n y cuidado, directamente del campo a tu mesa.<\/p>\t\t\t\t\t\t\t\t<\/div>\n\t\t\t\t<\/div>\n\t\t\t\t<\/div>\n\t\t<div class=\"elementor-element elementor-element-5fce5d80 e-con-full e-flex e-con e-child\" data-id=\"5fce5d80\" data-element_type=\"container\" data-e-type=\"container\" data-settings=\"{&quot;background_background&quot;:&quot;classic&quot;}\">\n\t\t<div class=\"elementor-element elementor-element-517d157 e-con-full e-flex e-con e-child\" data-id=\"517d157\" data-element_type=\"container\" data-e-type=\"container\" data-settings=\"{&quot;background_background&quot;:&quot;classic&quot;}\">\n\t\t\t\t<\/div>\n\t\t<div class=\"elementor-element elementor-element-6633b966 e-con-full e-flex e-con e-child\" data-id=\"6633b966\" data-element_type=\"container\" data-e-type=\"container\" data-settings=\"{&quot;background_background&quot;:&quot;classic&quot;}\">\n\t\t\t\t<div class=\"elementor-element elementor-element-3c168c89 elementor-widget elementor-widget-heading\" data-id=\"3c168c89\" data-element_type=\"widget\" data-e-type=\"widget\" data-widget_type=\"heading.default\">\n\t\t\t\t\t<h2 class=\"elementor-heading-title elementor-size-default\">Refrescos<\/h2>\t\t\t\t<\/div>\n\t\t\t\t<div class=\"elementor-element elementor-element-44f87cb2 elementor-widget elementor-widget-text-editor\" data-id=\"44f87cb2\" data-element_type=\"widget\" data-e-type=\"widget\" data-widget_type=\"text-editor.default\">\n\t\t\t\t\t\t\t\t\t<p data-start=\"2740\" data-end=\"2840\">Selecci\u00f3n de refrescos para acompa\u00f1ar tus comidas o refrescar tu d\u00eda.<\/p>\t\t\t\t\t\t\t\t<\/div>\n\t\t\t\t<\/div>\n\t\t\t\t<\/div>\n\t\t<div class=\"elementor-element elementor-element-68c744f e-con-full e-flex e-con e-child\" data-id=\"68c744f\" data-element_type=\"container\" data-e-type=\"container\" data-settings=\"{&quot;background_background&quot;:&quot;classic&quot;}\">\n\t\t<div class=\"elementor-element elementor-element-79bd1346 e-con-full e-flex e-con e-child\" data-id=\"79bd1346\" data-element_type=\"container\" data-e-type=\"container\" data-settings=\"{&quot;background_background&quot;:&quot;classic&quot;}\">\n\t\t\t\t<\/div>\n\t\t<div class=\"elementor-element elementor-element-1612964d e-con-full e-flex e-con e-child\" data-id=\"1612964d\" data-element_type=\"container\" data-e-type=\"container\" data-settings=\"{&quot;background_background&quot;:&quot;classic&quot;}\">\n\t\t\t\t<div class=\"elementor-element elementor-element-539da166 elementor-widget elementor-widget-heading\" data-id=\"539da166\" data-element_type=\"widget\" data-e-type=\"widget\" data-widget_type=\"heading.default\">\n\t\t\t\t\t<h2 class=\"elementor-heading-title elementor-size-default\">Atenci\u00f3n Personalizada<\/h2>\t\t\t\t<\/div>\n\t\t\t\t<div class=\"elementor-element elementor-element-5f8ec59c elementor-widget elementor-widget-text-editor\" data-id=\"5f8ec59c\" data-element_type=\"widget\" data-e-type=\"widget\" data-widget_type=\"text-editor.default\">\n\t\t\t\t\t\t\t\t\t<p data-start=\"2944\" data-end=\"3046\">Te asesoramos personalmente para ayudarte a elegir los productos m\u00e1s frescos y adecuados.<\/p>\t\t\t\t\t\t\t\t<\/div>\n\t\t\t\t<\/div>\n\t\t\t\t<\/div>\n\t\t<div class=\"elementor-element elementor-element-61843064 e-con-full e-flex e-con e-child\" data-id=\"61843064\" data-element_type=\"container\" data-e-type=\"container\" data-settings=\"{&quot;background_background&quot;:&quot;classic&quot;}\">\n\t\t<div class=\"elementor-element elementor-element-5888ef3b e-con-full e-flex e-con e-child\" data-id=\"5888ef3b\" data-element_type=\"container\" data-e-type=\"container\" data-settings=\"{&quot;background_background&quot;:&quot;classic&quot;}\">\n\t\t\t\t<\/div>\n\t\t<div class=\"elementor-element elementor-element-153b4ad1 e-con-full e-flex e-con e-child\" data-id=\"153b4ad1\" data-element_type=\"container\" data-e-type=\"container\" data-settings=\"{&quot;background_background&quot;:&quot;classic&quot;}\">\n\t\t\t\t<div class=\"elementor-element elementor-element-4d9fd2cd elementor-widget elementor-widget-heading\" data-id=\"4d9fd2cd\" data-element_type=\"widget\" data-e-type=\"widget\" data-widget_type=\"heading.default\">\n\t\t\t\t\t<h2 class=\"elementor-heading-title elementor-size-default\">Compra R\u00e1pida y C\u00f3moda<\/h2>\t\t\t\t<\/div>\n\t\t\t\t<div class=\"elementor-element elementor-element-6c6737e7 elementor-widget elementor-widget-text-editor\" data-id=\"6c6737e7\" data-element_type=\"widget\" data-e-type=\"widget\" data-widget_type=\"text-editor.default\">\n\t\t\t\t\t\t\t\t\t<p data-start=\"3150\" data-end=\"3232\">Compra f\u00e1cil, r\u00e1pida y con la garant\u00eda de productos frescos cada d\u00eda.<\/p>\t\t\t\t\t\t\t\t<\/div>\n\t\t\t\t<\/div>\n\t\t\t\t<\/div>\n\t\t\t\t<\/div>\n\t\t\t\t<\/div>\n\t\t\t\t<\/div>","protected":false},"excerpt":{"rendered":"<p>Frutas Frescas Amplia variedad de frutas frescas, seleccionadas diariamente para garantizar sabor y calidad. Verduras de Temporada Verduras frescas de temporada, incluyendo productos cultivados por nosotros mismos. Verduras de Cultivo Propio Productos cultivados con dedicaci\u00f3n y cuidado, directamente del campo a tu mesa. Refrescos Selecci\u00f3n de refrescos para acompa\u00f1ar tus comidas o refrescar tu d\u00eda. [&hellip;]<\/p>\n","protected":false},"author":1,"featured_media":0,"parent":0,"menu_order":0,"comment_status":"closed","ping_status":"closed","template":"elementor_canvas","meta":{"footnotes":""},"class_list":["post-13","page","type-page","status-publish","hentry"],"yoast_head":"<!-- This site is optimized with the Yoast SEO plugin v27.3 - https:\/\/yoast.com\/product\/yoast-seo-wordpress\/ -->\n<title>Servicios - Fruter\u00eda Lidia<\/title>\n<meta name=\"robots\" content=\"index, follow, max-snippet:-1, max-image-preview:large, max-video-preview:-1\" \/>\n<link rel=\"canonical\" href=\"https:\/\/fruterialidia.com\/en\/servicios\/\" \/>\n<meta property=\"og:locale\" content=\"en_GB\" \/>\n<meta property=\"og:type\" content=\"article\" \/>\n<meta property=\"og:title\" content=\"Servicios - Fruter\u00eda Lidia\" \/>\n<meta property=\"og:description\" content=\"Frutas Frescas Amplia variedad de frutas frescas, seleccionadas diariamente para garantizar sabor y calidad. Verduras de Temporada Verduras frescas de temporada, incluyendo productos cultivados por nosotros mismos. Verduras de Cultivo Propio Productos cultivados con dedicaci\u00f3n y cuidado, directamente del campo a tu mesa. Refrescos Selecci\u00f3n de refrescos para acompa\u00f1ar tus comidas o refrescar tu d\u00eda. [&hellip;]\" \/>\n<meta property=\"og:url\" content=\"https:\/\/fruterialidia.com\/en\/servicios\/\" \/>\n<meta property=\"og:site_name\" content=\"Fruter\u00eda Lidia\" \/>\n<meta property=\"article:modified_time\" content=\"2026-02-25T12:30:49+00:00\" \/>\n<meta name=\"twitter:card\" content=\"summary_large_image\" \/>\n<meta name=\"twitter:label1\" content=\"Estimated reading time\" \/>\n\t<meta name=\"twitter:data1\" content=\"1 minute\" \/>\n<script type=\"application\/ld+json\" class=\"yoast-schema-graph\">{\"@context\":\"https:\\\/\\\/schema.org\",\"@graph\":[{\"@type\":\"WebPage\",\"@id\":\"https:\\\/\\\/fruterialidia.com\\\/servicios\\\/\",\"url\":\"https:\\\/\\\/fruterialidia.com\\\/servicios\\\/\",\"name\":\"Servicios - Fruter\u00eda Lidia\",\"isPartOf\":{\"@id\":\"https:\\\/\\\/fruterialidia.com\\\/#website\"},\"datePublished\":\"2026-02-19T12:01:19+00:00\",\"dateModified\":\"2026-02-25T12:30:49+00:00\",\"breadcrumb\":{\"@id\":\"https:\\\/\\\/fruterialidia.com\\\/servicios\\\/#breadcrumb\"},\"inLanguage\":\"en-GB\",\"potentialAction\":[{\"@type\":\"ReadAction\",\"target\":[\"https:\\\/\\\/fruterialidia.com\\\/servicios\\\/\"]}]},{\"@type\":\"BreadcrumbList\",\"@id\":\"https:\\\/\\\/fruterialidia.com\\\/servicios\\\/#breadcrumb\",\"itemListElement\":[{\"@type\":\"ListItem\",\"position\":1,\"name\":\"Portada\",\"item\":\"https:\\\/\\\/fruterialidia.com\\\/\"},{\"@type\":\"ListItem\",\"position\":2,\"name\":\"Servicios\"}]},{\"@type\":\"WebSite\",\"@id\":\"https:\\\/\\\/fruterialidia.com\\\/#website\",\"url\":\"https:\\\/\\\/fruterialidia.com\\\/\",\"name\":\"Fruter\u00eda Lidia\",\"description\":\"\",\"publisher\":{\"@id\":\"https:\\\/\\\/fruterialidia.com\\\/#organization\"},\"potentialAction\":[{\"@type\":\"SearchAction\",\"target\":{\"@type\":\"EntryPoint\",\"urlTemplate\":\"https:\\\/\\\/fruterialidia.com\\\/?s={search_term_string}\"},\"query-input\":{\"@type\":\"PropertyValueSpecification\",\"valueRequired\":true,\"valueName\":\"search_term_string\"}}],\"inLanguage\":\"en-GB\"},{\"@type\":\"Organization\",\"@id\":\"https:\\\/\\\/fruterialidia.com\\\/#organization\",\"name\":\"Fruter\u00eda Lidia\",\"url\":\"https:\\\/\\\/fruterialidia.com\\\/\",\"logo\":{\"@type\":\"ImageObject\",\"inLanguage\":\"en-GB\",\"@id\":\"https:\\\/\\\/fruterialidia.com\\\/#\\\/schema\\\/logo\\\/image\\\/\",\"url\":\"https:\\\/\\\/fruterialidia.com\\\/wp-content\\\/uploads\\\/2026\\\/02\\\/cropped-canquintanafruites202511_logo_web.png\",\"contentUrl\":\"https:\\\/\\\/fruterialidia.com\\\/wp-content\\\/uploads\\\/2026\\\/02\\\/cropped-canquintanafruites202511_logo_web.png\",\"width\":1079,\"height\":1020,\"caption\":\"Fruter\u00eda Lidia\"},\"image\":{\"@id\":\"https:\\\/\\\/fruterialidia.com\\\/#\\\/schema\\\/logo\\\/image\\\/\"}}]}<\/script>\n<!-- \/ Yoast SEO plugin. -->","yoast_head_json":{"title":"Servicios - Fruter\u00eda Lidia","robots":{"index":"index","follow":"follow","max-snippet":"max-snippet:-1","max-image-preview":"max-image-preview:large","max-video-preview":"max-video-preview:-1"},"canonical":"https:\/\/fruterialidia.com\/en\/servicios\/","og_locale":"en_GB","og_type":"article","og_title":"Servicios - Fruter\u00eda Lidia","og_description":"Frutas Frescas Amplia variedad de frutas frescas, seleccionadas diariamente para garantizar sabor y calidad. Verduras de Temporada Verduras frescas de temporada, incluyendo productos cultivados por nosotros mismos. Verduras de Cultivo Propio Productos cultivados con dedicaci\u00f3n y cuidado, directamente del campo a tu mesa. Refrescos Selecci\u00f3n de refrescos para acompa\u00f1ar tus comidas o refrescar tu d\u00eda. [&hellip;]","og_url":"https:\/\/fruterialidia.com\/en\/servicios\/","og_site_name":"Fruter\u00eda Lidia","article_modified_time":"2026-02-25T12:30:49+00:00","twitter_card":"summary_large_image","twitter_misc":{"Estimated reading time":"1 minute"},"schema":{"@context":"https:\/\/schema.org","@graph":[{"@type":"WebPage","@id":"https:\/\/fruterialidia.com\/servicios\/","url":"https:\/\/fruterialidia.com\/servicios\/","name":"Servicios - Fruter\u00eda Lidia","isPartOf":{"@id":"https:\/\/fruterialidia.com\/#website"},"datePublished":"2026-02-19T12:01:19+00:00","dateModified":"2026-02-25T12:30:49+00:00","breadcrumb":{"@id":"https:\/\/fruterialidia.com\/servicios\/#breadcrumb"},"inLanguage":"en-GB","potentialAction":[{"@type":"ReadAction","target":["https:\/\/fruterialidia.com\/servicios\/"]}]},{"@type":"BreadcrumbList","@id":"https:\/\/fruterialidia.com\/servicios\/#breadcrumb","itemListElement":[{"@type":"ListItem","position":1,"name":"Portada","item":"https:\/\/fruterialidia.com\/"},{"@type":"ListItem","position":2,"name":"Servicios"}]},{"@type":"WebSite","@id":"https:\/\/fruterialidia.com\/#website","url":"https:\/\/fruterialidia.com\/","name":"Fruter\u00eda Lidia","description":"","publisher":{"@id":"https:\/\/fruterialidia.com\/#organization"},"potentialAction":[{"@type":"SearchAction","target":{"@type":"EntryPoint","urlTemplate":"https:\/\/fruterialidia.com\/?s={search_term_string}"},"query-input":{"@type":"PropertyValueSpecification","valueRequired":true,"valueName":"search_term_string"}}],"inLanguage":"en-GB"},{"@type":"Organization","@id":"https:\/\/fruterialidia.com\/#organization","name":"Fruter\u00eda Lidia","url":"https:\/\/fruterialidia.com\/","logo":{"@type":"ImageObject","inLanguage":"en-GB","@id":"https:\/\/fruterialidia.com\/#\/schema\/logo\/image\/","url":"https:\/\/fruterialidia.com\/wp-content\/uploads\/2026\/02\/cropped-canquintanafruites202511_logo_web.png","contentUrl":"https:\/\/fruterialidia.com\/wp-content\/uploads\/2026\/02\/cropped-canquintanafruites202511_logo_web.png","width":1079,"height":1020,"caption":"Fruter\u00eda Lidia"},"image":{"@id":"https:\/\/fruterialidia.com\/#\/schema\/logo\/image\/"}}]}},"_links":{"self":[{"href":"https:\/\/fruterialidia.com\/en\/wp-json\/wp\/v2\/pages\/13","targetHints":{"allow":["GET"]}}],"collection":[{"href":"https:\/\/fruterialidia.com\/en\/wp-json\/wp\/v2\/pages"}],"about":[{"href":"https:\/\/fruterialidia.com\/en\/wp-json\/wp\/v2\/types\/page"}],"author":[{"embeddable":true,"href":"https:\/\/fruterialidia.com\/en\/wp-json\/wp\/v2\/users\/1"}],"replies":[{"embeddable":true,"href":"https:\/\/fruterialidia.com\/en\/wp-json\/wp\/v2\/comments?post=13"}],"version-history":[{"count":13,"href":"https:\/\/fruterialidia.com\/en\/wp-json\/wp\/v2\/pages\/13\/revisions"}],"predecessor-version":[{"id":162,"href":"https:\/\/fruterialidia.com\/en\/wp-json\/wp\/v2\/pages\/13\/revisions\/162"}],"wp:attachment":[{"href":"https:\/\/fruterialidia.com\/en\/wp-json\/wp\/v2\/media?parent=13"}],"curies":[{"name":"wp","href":"https:\/\/api.w.org\/{rel}","templated":true}]}}