{"id":28,"date":"2026-02-19T12:01:23","date_gmt":"2026-02-19T12:01:23","guid":{"rendered":"https:\/\/fruterialidia.rkinformatika.online\/?page_id=28"},"modified":"2026-02-25T12:15:53","modified_gmt":"2026-02-25T12:15:53","slug":"inicio","status":"publish","type":"page","link":"https:\/\/fruterialidia.com\/en\/","title":{"rendered":"Home"},"content":{"rendered":"\t\t<div data-elementor-type=\"wp-page\" data-elementor-id=\"28\" class=\"elementor elementor-28\" data-elementor-post-type=\"page\">\n\t\t\t\t<div class=\"elementor-element elementor-element-4f4b9d5 e-con-full e-flex e-con e-parent\" data-id=\"4f4b9d5\" data-element_type=\"container\" data-e-type=\"container\" data-settings=\"{&quot;background_background&quot;:&quot;classic&quot;}\">\n\t\t\t\t<div class=\"elementor-element elementor-element-4bd3aa8b elementor-widget elementor-widget-heading\" data-id=\"4bd3aa8b\" data-element_type=\"widget\" data-e-type=\"widget\" data-widget_type=\"heading.default\">\n\t\t\t\t\t<h2 class=\"elementor-heading-title elementor-size-default\">Frescura Natural<br>Todos los D\u00edas<\/h2>\t\t\t\t<\/div>\n\t\t\t\t<div class=\"elementor-element elementor-element-1361cb4c elementor-widget elementor-widget-text-editor\" data-id=\"1361cb4c\" data-element_type=\"widget\" data-e-type=\"widget\" data-widget_type=\"text-editor.default\">\n\t\t\t\t\t\t\t\t\t<p>En Fruter\u00eda Lidia te ofrecemos frutas y verduras frescas cada d\u00eda, seleccionadas con cuidado y con verduras cultivadas por nosotros mismos. Desde 2022 trabajamos para llevar calidad, sabor y atenci\u00f3n cercana a cada hogar.<\/p>\t\t\t\t\t\t\t\t<\/div>\n\t\t\t\t<div class=\"elementor-element elementor-element-7b9519dd elementor-tablet-align-center elementor-mobile-align-center elementor-widget elementor-widget-button\" data-id=\"7b9519dd\" data-element_type=\"widget\" data-e-type=\"widget\" data-widget_type=\"button.default\">\n\t\t\t\t\t\t\t\t\t\t<a class=\"elementor-button elementor-button-link elementor-size-sm\" href=\"\/servicios\">\n\t\t\t\t\t\t<span class=\"elementor-button-content-wrapper\">\n\t\t\t\t\t\t\t\t\t<span class=\"elementor-button-text\">Ver Servicios<\/span>\n\t\t\t\t\t<\/span>\n\t\t\t\t\t<\/a>\n\t\t\t\t\t\t\t\t<\/div>\n\t\t\t\t<\/div>\n\t\t<div class=\"elementor-element elementor-element-6df9ce24 e-con-full e-flex e-con e-parent\" data-id=\"6df9ce24\" data-element_type=\"container\" data-e-type=\"container\" data-settings=\"{&quot;background_background&quot;:&quot;classic&quot;}\">\n\t\t\t\t<div class=\"elementor-element elementor-element-5682274 elementor-widget elementor-widget-heading\" data-id=\"5682274\" data-element_type=\"widget\" data-e-type=\"widget\" data-widget_type=\"heading.default\">\n\t\t\t\t\t<h2 class=\"elementor-heading-title elementor-size-default\">Cerca de ti, desde 2022<\/h2>\t\t\t\t<\/div>\n\t\t\t\t<div class=\"elementor-element elementor-element-43ef2e86 elementor-widget__width-initial elementor-widget elementor-widget-text-editor\" data-id=\"43ef2e86\" data-element_type=\"widget\" data-e-type=\"widget\" data-widget_type=\"text-editor.default\">\n\t\t\t\t\t\t\t\t\t<p data-start=\"585\" data-end=\"806\">Fruter\u00eda Lidia naci\u00f3 en 2022 con la ilusi\u00f3n de ofrecer productos frescos y de calidad a nuestra comunidad. Somos una fruter\u00eda local comprometida con el producto natural, el trato cercano y la frescura diaria.<\/p><p data-start=\"808\" data-end=\"999\">Cultivamos nuestras propias verduras con dedicaci\u00f3n, cuidando cada detalle para garantizar sabor y calidad. Creemos que una buena alimentaci\u00f3n empieza con ingredientes frescos y de confianza.<\/p>\t\t\t\t\t\t\t\t<\/div>\n\t\t\t\t<div class=\"elementor-element elementor-element-6f8cfb98 elementor-absolute elementor-widget elementor-widget-image\" data-id=\"6f8cfb98\" data-element_type=\"widget\" data-e-type=\"widget\" data-settings=\"{&quot;_position&quot;:&quot;absolute&quot;}\" data-widget_type=\"image.default\">\n\t\t\t\t\t\t\t\t\t\t\t\t\t\t\t<img fetchpriority=\"high\" decoding=\"async\" width=\"800\" height=\"378\" src=\"https:\/\/fruterialidia.com\/wp-content\/uploads\/2026\/02\/Recurso-3@10x-8-scaled-1-1024x484.png\" class=\"attachment-large size-large wp-image-30\" alt=\"\" srcset=\"https:\/\/fruterialidia.com\/wp-content\/uploads\/2026\/02\/Recurso-3@10x-8-scaled-1-1024x484.png 1024w, https:\/\/fruterialidia.com\/wp-content\/uploads\/2026\/02\/Recurso-3@10x-8-scaled-1-300x142.png 300w, https:\/\/fruterialidia.com\/wp-content\/uploads\/2026\/02\/Recurso-3@10x-8-scaled-1-768x363.png 768w, https:\/\/fruterialidia.com\/wp-content\/uploads\/2026\/02\/Recurso-3@10x-8-scaled-1-1536x725.png 1536w, https:\/\/fruterialidia.com\/wp-content\/uploads\/2026\/02\/Recurso-3@10x-8-scaled-1-2048x967.png 2048w, https:\/\/fruterialidia.com\/wp-content\/uploads\/2026\/02\/Recurso-3@10x-8-scaled-1-18x9.png 18w\" sizes=\"(max-width: 800px) 100vw, 800px\" \/>\t\t\t\t\t\t\t\t\t\t\t\t\t\t\t<\/div>\n\t\t\t\t<\/div>\n\t\t<div class=\"elementor-element elementor-element-1c8adde3 e-con-full e-flex e-con e-parent\" data-id=\"1c8adde3\" data-element_type=\"container\" data-e-type=\"container\" data-settings=\"{&quot;background_background&quot;:&quot;classic&quot;}\">\n\t\t<div class=\"elementor-element elementor-element-3537ba55 e-flex e-con-boxed e-con e-child\" data-id=\"3537ba55\" data-element_type=\"container\" data-e-type=\"container\">\n\t\t\t\t\t<div class=\"e-con-inner\">\n\t\t<div class=\"elementor-element elementor-element-576751c6 e-grid e-con-full stack-parent e-con e-child\" data-id=\"576751c6\" data-element_type=\"container\" data-e-type=\"container\" data-settings=\"{&quot;motion_fx_motion_fx_scrolling&quot;:&quot;yes&quot;,&quot;motion_fx_devices&quot;:[&quot;desktop&quot;,&quot;tablet&quot;,&quot;mobile&quot;]}\">\n\t\t<div class=\"elementor-element elementor-element-3b71e2c6 e-con-full card-left stacked-card e-flex e-con e-child\" data-id=\"3b71e2c6\" data-element_type=\"container\" data-e-type=\"container\" data-settings=\"{&quot;background_background&quot;:&quot;classic&quot;,&quot;motion_fx_motion_fx_scrolling&quot;:&quot;yes&quot;,&quot;motion_fx_motion_fx_mouse&quot;:&quot;yes&quot;,&quot;animation&quot;:&quot;none&quot;,&quot;motion_fx_devices&quot;:[&quot;desktop&quot;,&quot;tablet&quot;,&quot;mobile&quot;]}\">\n\t\t<div class=\"elementor-element elementor-element-c79e33c e-con-full e-flex e-con e-child\" data-id=\"c79e33c\" data-element_type=\"container\" data-e-type=\"container\" data-settings=\"{&quot;background_background&quot;:&quot;classic&quot;}\">\n\t\t\t\t<\/div>\n\t\t\t\t<div class=\"elementor-element elementor-element-28e67a14 elementor-widget elementor-widget-heading\" data-id=\"28e67a14\" data-element_type=\"widget\" data-e-type=\"widget\" data-widget_type=\"heading.default\">\n\t\t\t\t\t<h2 class=\"elementor-heading-title elementor-size-default\">Producto Fresco Diario<\/h2>\t\t\t\t<\/div>\n\t\t\t\t<div class=\"elementor-element elementor-element-4d9f42b2 elementor-widget elementor-widget-text-editor\" data-id=\"4d9f42b2\" data-element_type=\"widget\" data-e-type=\"widget\" data-widget_type=\"text-editor.default\">\n\t\t\t\t\t\t\t\t\t<p data-start=\"1155\" data-end=\"1265\">Seleccionamos frutas y verduras frescas cada d\u00eda para ofrecerte siempre la mejor calidad y sabor.<\/p>\t\t\t\t\t\t\t\t<\/div>\n\t\t\t\t<\/div>\n\t\t<div class=\"elementor-element elementor-element-176b2945 e-con-full card-middle stacked-card e-flex e-con e-child\" data-id=\"176b2945\" data-element_type=\"container\" data-e-type=\"container\" data-settings=\"{&quot;background_background&quot;:&quot;classic&quot;}\">\n\t\t<div class=\"elementor-element elementor-element-aa2a349 e-con-full e-flex e-con e-child\" data-id=\"aa2a349\" data-element_type=\"container\" data-e-type=\"container\" data-settings=\"{&quot;background_background&quot;:&quot;classic&quot;}\">\n\t\t\t\t<\/div>\n\t\t\t\t<div class=\"elementor-element elementor-element-4fe34d89 elementor-widget elementor-widget-heading\" data-id=\"4fe34d89\" data-element_type=\"widget\" data-e-type=\"widget\" data-widget_type=\"heading.default\">\n\t\t\t\t\t<h2 class=\"elementor-heading-title elementor-size-default\">Cultivo Propio<\/h2>\t\t\t\t<\/div>\n\t\t\t\t<div class=\"elementor-element elementor-element-5651008c elementor-widget elementor-widget-text-editor\" data-id=\"5651008c\" data-element_type=\"widget\" data-e-type=\"widget\" data-widget_type=\"text-editor.default\">\n\t\t\t\t\t\t\t\t\t<p data-start=\"1361\" data-end=\"1476\">Parte de nuestras verduras son cultivadas por nosotros mismos, garantizando frescura y origen natural.<\/p>\t\t\t\t\t\t\t\t<\/div>\n\t\t\t\t<\/div>\n\t\t<div class=\"elementor-element elementor-element-ead6300 e-con-full card-right stacked-card e-flex e-con e-child\" data-id=\"ead6300\" data-element_type=\"container\" data-e-type=\"container\" data-settings=\"{&quot;background_background&quot;:&quot;classic&quot;}\">\n\t\t<div class=\"elementor-element elementor-element-ae40c4b e-con-full e-flex e-con e-child\" data-id=\"ae40c4b\" data-element_type=\"container\" data-e-type=\"container\" data-settings=\"{&quot;background_background&quot;:&quot;classic&quot;}\">\n\t\t\t\t<\/div>\n\t\t\t\t<div class=\"elementor-element elementor-element-2e187168 elementor-widget elementor-widget-heading\" data-id=\"2e187168\" data-element_type=\"widget\" data-e-type=\"widget\" data-widget_type=\"heading.default\">\n\t\t\t\t\t<h2 class=\"elementor-heading-title elementor-size-default\">Atenci\u00f3n Cercana<\/h2>\t\t\t\t<\/div>\n\t\t\t\t<div class=\"elementor-element elementor-element-1014fb10 elementor-widget elementor-widget-text-editor\" data-id=\"1014fb10\" data-element_type=\"widget\" data-e-type=\"widget\" data-widget_type=\"text-editor.default\">\n\t\t\t\t\t\t\t\t\t<p data-start=\"1590\" data-end=\"1681\">Te asesoramos y ayudamos a elegir los mejores productos seg\u00fan tus necesidades.<\/p>\t\t\t\t\t\t\t\t<\/div>\n\t\t\t\t<\/div>\n\t\t\t\t<\/div>\n\t\t\t\t<div class=\"elementor-element elementor-element-6c3027cd elementor-widget elementor-widget-html\" data-id=\"6c3027cd\" data-element_type=\"widget\" data-e-type=\"widget\" data-widget_type=\"html.default\">\n\t\t\t\t\t<style>\n\/* 1. Base Setup for the Cards *\/\n.stacked-card {\n    transition: transform 1.2s cubic-bezier(0.22, 1, 0.36, 1), opacity 0.8s ease;\n    will-change: transform;\n}\n\n\/* 2. Initial \"Stacked\" Positions (Before Scroll) *\/\n.card-left {\n    \/* Moves card right and tilts it behind middle *\/\n    transform: translateX(220px) rotate(-15deg); \n    z-index: 5;\n}\n\n.card-middle {\n    \/* Middle stays centered but higher z-index *\/\n    transform: scale(1.02);\n    z-index: 10;\n}\n\n.card-right {\n    \/* Moves card left and tilts it behind middle *\/\n    transform: translateX(-220px) rotate(15deg);\n    z-index: 5;\n}\n\n\/* 3. The \"Active\" State (The Reset to 0) *\/\n\/* This triggers when the .is-active class is added via JS *\/\n.stack-parent.is-active .card-left,\n.stack-parent.is-active .card-right {\n    transform: translateX(0) rotate(0deg);\n}\n\n.stack-parent.is-active .card-middle {\n    transform: scale(1);\n}\n\n\/* 4. Mobile Responsiveness *\/\n\/* We usually want to disable the rotation on small screens *\/\n@media (max-width: 767px) {\n    .card-left, .card-right {\n        transform: translateX(0) rotate(0deg) !important;\n    }\n}\n<\/style>\n\n<script>\ndocument.addEventListener('DOMContentLoaded', function() {\n    const observerOptions = {\n        root: null,\n        \/* rootMargin: Top, Right, Bottom, Left *\/\n        \/* This ensures the cards rotate back before they fully leave the screen *\/\n        rootMargin: '-40% 0px -40% 0px', \n        threshold: 0 \n    };\n\n    const observer = new IntersectionObserver((entries) => {\n        entries.forEach(entry => {\n            if (entry.isIntersecting) {\n                \/\/ When entering the \"window\", straighten the cards\n                entry.target.classList.add('is-active');\n            } else {\n                \/\/ When leaving (scrolling up OR down), rotate them back\n                entry.target.classList.remove('is-active');\n            }\n        });\n    }, observerOptions);\n\n    const target = document.querySelector('.stack-parent');\n    if (target) {\n        observer.observe(target);\n    }\n});\n<\/script>\t\t\t\t<\/div>\n\t\t\t\t\t<\/div>\n\t\t\t\t<\/div>\n\t\t\t\t<\/div>\n\t\t<div class=\"elementor-element elementor-element-582a0c9b e-con-full e-flex e-con e-parent\" data-id=\"582a0c9b\" data-element_type=\"container\" data-e-type=\"container\" data-settings=\"{&quot;background_background&quot;:&quot;classic&quot;,&quot;sticky&quot;:&quot;bottom&quot;,&quot;sticky_on&quot;:[&quot;desktop&quot;,&quot;tablet&quot;,&quot;mobile&quot;],&quot;sticky_offset&quot;:0,&quot;sticky_effects_offset&quot;:0,&quot;sticky_anchor_link_offset&quot;:0}\">\n\t\t\t\t<div class=\"elementor-element elementor-element-42ff74a7 elementor-widget elementor-widget-heading\" data-id=\"42ff74a7\" data-element_type=\"widget\" data-e-type=\"widget\" data-widget_type=\"heading.default\">\n\t\t\t\t\t<h2 class=\"elementor-heading-title elementor-size-default\">Estamos Aqu\u00ed Para Ti<\/h2>\t\t\t\t<\/div>\n\t\t\t\t<div class=\"elementor-element elementor-element-1700601a elementor-widget elementor-widget-text-editor\" data-id=\"1700601a\" data-element_type=\"widget\" data-e-type=\"widget\" data-widget_type=\"text-editor.default\">\n\t\t\t\t\t\t\t\t\t<p>Si buscas calidad, frescura y trato cercano, en Fruter\u00eda Lidia te esperamos con los mejores productos cada d\u00eda. Ven a visitarnos y descubre el sabor natural.<\/p>\t\t\t\t\t\t\t\t<\/div>\n\t\t\t\t<div class=\"elementor-element elementor-element-7b08fc5e elementor-tablet-align-center elementor-mobile-align-center elementor-align-center elementor-widget elementor-widget-button\" data-id=\"7b08fc5e\" data-element_type=\"widget\" data-e-type=\"widget\" data-widget_type=\"button.default\">\n\t\t\t\t\t\t\t\t\t\t<a class=\"elementor-button elementor-button-link elementor-size-sm\" href=\"\/contacto\">\n\t\t\t\t\t\t<span class=\"elementor-button-content-wrapper\">\n\t\t\t\t\t\t\t\t\t<span class=\"elementor-button-text\">Cont\u00e1ctanos!<\/span>\n\t\t\t\t\t<\/span>\n\t\t\t\t\t<\/a>\n\t\t\t\t\t\t\t\t<\/div>\n\t\t\t\t<\/div>\n\t\t\t\t<\/div>\n\t\t","protected":false},"excerpt":{"rendered":"<p>Frescura NaturalTodos los D\u00edas En Fruter\u00eda Lidia te ofrecemos frutas y verduras frescas cada d\u00eda, seleccionadas con cuidado y con verduras cultivadas por nosotros mismos. Desde 2022 trabajamos para llevar calidad, sabor y atenci\u00f3n cercana a cada hogar. Ver Servicios Cerca de ti, desde 2022 Fruter\u00eda Lidia naci\u00f3 en 2022 con la ilusi\u00f3n de ofrecer [&hellip;]<\/p>\n","protected":false},"author":1,"featured_media":0,"parent":0,"menu_order":0,"comment_status":"closed","ping_status":"closed","template":"elementor_canvas","meta":{"footnotes":""},"class_list":["post-28","page","type-page","status-publish","hentry"],"yoast_head":"<!-- This site is optimized with the Yoast SEO plugin v27.3 - https:\/\/yoast.com\/product\/yoast-seo-wordpress\/ -->\n<title>Inicio - Fruter\u00eda Lidia<\/title>\n<meta name=\"robots\" content=\"index, follow, max-snippet:-1, max-image-preview:large, max-video-preview:-1\" \/>\n<link rel=\"canonical\" href=\"https:\/\/fruterialidia.com\/en\/\" \/>\n<meta property=\"og:locale\" content=\"en_GB\" \/>\n<meta property=\"og:type\" content=\"article\" \/>\n<meta property=\"og:title\" content=\"Inicio - Fruter\u00eda Lidia\" \/>\n<meta property=\"og:description\" content=\"Frescura NaturalTodos los D\u00edas En Fruter\u00eda Lidia te ofrecemos frutas y verduras frescas cada d\u00eda, seleccionadas con cuidado y con verduras cultivadas por nosotros mismos. Desde 2022 trabajamos para llevar calidad, sabor y atenci\u00f3n cercana a cada hogar. Ver Servicios Cerca de ti, desde 2022 Fruter\u00eda Lidia naci\u00f3 en 2022 con la ilusi\u00f3n de ofrecer [&hellip;]\" \/>\n<meta property=\"og:url\" content=\"https:\/\/fruterialidia.com\/en\/\" \/>\n<meta property=\"og:site_name\" content=\"Fruter\u00eda Lidia\" \/>\n<meta property=\"article:modified_time\" content=\"2026-02-25T12:15:53+00:00\" \/>\n<meta property=\"og:image\" content=\"https:\/\/fruterialidia.com\/wp-content\/uploads\/2026\/02\/Recurso-3@10x-8-scaled-1.png\" \/>\n\t<meta property=\"og:image:width\" content=\"2560\" \/>\n\t<meta property=\"og:image:height\" content=\"1209\" \/>\n\t<meta property=\"og:image:type\" content=\"image\/png\" \/>\n<meta name=\"twitter:card\" content=\"summary_large_image\" \/>\n<meta name=\"twitter:label1\" content=\"Estimated reading time\" \/>\n\t<meta name=\"twitter:data1\" content=\"2 minutes\" \/>\n<script type=\"application\/ld+json\" class=\"yoast-schema-graph\">{\"@context\":\"https:\\\/\\\/schema.org\",\"@graph\":[{\"@type\":\"WebPage\",\"@id\":\"https:\\\/\\\/fruterialidia.com\\\/\",\"url\":\"https:\\\/\\\/fruterialidia.com\\\/\",\"name\":\"Inicio - Fruter\u00eda Lidia\",\"isPartOf\":{\"@id\":\"https:\\\/\\\/fruterialidia.com\\\/#website\"},\"primaryImageOfPage\":{\"@id\":\"https:\\\/\\\/fruterialidia.com\\\/#primaryimage\"},\"image\":{\"@id\":\"https:\\\/\\\/fruterialidia.com\\\/#primaryimage\"},\"thumbnailUrl\":\"https:\\\/\\\/fruterialidia.com\\\/wp-content\\\/uploads\\\/2026\\\/02\\\/Recurso-3@10x-8-scaled-1-1024x484.png\",\"datePublished\":\"2026-02-19T12:01:23+00:00\",\"dateModified\":\"2026-02-25T12:15:53+00:00\",\"breadcrumb\":{\"@id\":\"https:\\\/\\\/fruterialidia.com\\\/#breadcrumb\"},\"inLanguage\":\"en-GB\",\"potentialAction\":[{\"@type\":\"ReadAction\",\"target\":[\"https:\\\/\\\/fruterialidia.com\\\/\"]}]},{\"@type\":\"ImageObject\",\"inLanguage\":\"en-GB\",\"@id\":\"https:\\\/\\\/fruterialidia.com\\\/#primaryimage\",\"url\":\"https:\\\/\\\/fruterialidia.com\\\/wp-content\\\/uploads\\\/2026\\\/02\\\/Recurso-3@10x-8-scaled-1-1024x484.png\",\"contentUrl\":\"https:\\\/\\\/fruterialidia.com\\\/wp-content\\\/uploads\\\/2026\\\/02\\\/Recurso-3@10x-8-scaled-1-1024x484.png\"},{\"@type\":\"BreadcrumbList\",\"@id\":\"https:\\\/\\\/fruterialidia.com\\\/#breadcrumb\",\"itemListElement\":[{\"@type\":\"ListItem\",\"position\":1,\"name\":\"Portada\",\"item\":\"https:\\\/\\\/fruterialidia.com\\\/\"},{\"@type\":\"ListItem\",\"position\":2,\"name\":\"Inicio\"}]},{\"@type\":\"WebSite\",\"@id\":\"https:\\\/\\\/fruterialidia.com\\\/#website\",\"url\":\"https:\\\/\\\/fruterialidia.com\\\/\",\"name\":\"Fruter\u00eda Lidia\",\"description\":\"\",\"publisher\":{\"@id\":\"https:\\\/\\\/fruterialidia.com\\\/#organization\"},\"potentialAction\":[{\"@type\":\"SearchAction\",\"target\":{\"@type\":\"EntryPoint\",\"urlTemplate\":\"https:\\\/\\\/fruterialidia.com\\\/?s={search_term_string}\"},\"query-input\":{\"@type\":\"PropertyValueSpecification\",\"valueRequired\":true,\"valueName\":\"search_term_string\"}}],\"inLanguage\":\"en-GB\"},{\"@type\":\"Organization\",\"@id\":\"https:\\\/\\\/fruterialidia.com\\\/#organization\",\"name\":\"Fruter\u00eda Lidia\",\"url\":\"https:\\\/\\\/fruterialidia.com\\\/\",\"logo\":{\"@type\":\"ImageObject\",\"inLanguage\":\"en-GB\",\"@id\":\"https:\\\/\\\/fruterialidia.com\\\/#\\\/schema\\\/logo\\\/image\\\/\",\"url\":\"https:\\\/\\\/fruterialidia.com\\\/wp-content\\\/uploads\\\/2026\\\/02\\\/cropped-canquintanafruites202511_logo_web.png\",\"contentUrl\":\"https:\\\/\\\/fruterialidia.com\\\/wp-content\\\/uploads\\\/2026\\\/02\\\/cropped-canquintanafruites202511_logo_web.png\",\"width\":1079,\"height\":1020,\"caption\":\"Fruter\u00eda Lidia\"},\"image\":{\"@id\":\"https:\\\/\\\/fruterialidia.com\\\/#\\\/schema\\\/logo\\\/image\\\/\"}}]}<\/script>\n<!-- \/ Yoast SEO plugin. -->","yoast_head_json":{"title":"Inicio - Fruter\u00eda Lidia","robots":{"index":"index","follow":"follow","max-snippet":"max-snippet:-1","max-image-preview":"max-image-preview:large","max-video-preview":"max-video-preview:-1"},"canonical":"https:\/\/fruterialidia.com\/en\/","og_locale":"en_GB","og_type":"article","og_title":"Inicio - Fruter\u00eda Lidia","og_description":"Frescura NaturalTodos los D\u00edas En Fruter\u00eda Lidia te ofrecemos frutas y verduras frescas cada d\u00eda, seleccionadas con cuidado y con verduras cultivadas por nosotros mismos. Desde 2022 trabajamos para llevar calidad, sabor y atenci\u00f3n cercana a cada hogar. Ver Servicios Cerca de ti, desde 2022 Fruter\u00eda Lidia naci\u00f3 en 2022 con la ilusi\u00f3n de ofrecer [&hellip;]","og_url":"https:\/\/fruterialidia.com\/en\/","og_site_name":"Fruter\u00eda Lidia","article_modified_time":"2026-02-25T12:15:53+00:00","og_image":[{"width":2560,"height":1209,"url":"https:\/\/fruterialidia.com\/wp-content\/uploads\/2026\/02\/Recurso-3@10x-8-scaled-1.png","type":"image\/png"}],"twitter_card":"summary_large_image","twitter_misc":{"Estimated reading time":"2 minutes"},"schema":{"@context":"https:\/\/schema.org","@graph":[{"@type":"WebPage","@id":"https:\/\/fruterialidia.com\/","url":"https:\/\/fruterialidia.com\/","name":"Inicio - Fruter\u00eda Lidia","isPartOf":{"@id":"https:\/\/fruterialidia.com\/#website"},"primaryImageOfPage":{"@id":"https:\/\/fruterialidia.com\/#primaryimage"},"image":{"@id":"https:\/\/fruterialidia.com\/#primaryimage"},"thumbnailUrl":"https:\/\/fruterialidia.com\/wp-content\/uploads\/2026\/02\/Recurso-3@10x-8-scaled-1-1024x484.png","datePublished":"2026-02-19T12:01:23+00:00","dateModified":"2026-02-25T12:15:53+00:00","breadcrumb":{"@id":"https:\/\/fruterialidia.com\/#breadcrumb"},"inLanguage":"en-GB","potentialAction":[{"@type":"ReadAction","target":["https:\/\/fruterialidia.com\/"]}]},{"@type":"ImageObject","inLanguage":"en-GB","@id":"https:\/\/fruterialidia.com\/#primaryimage","url":"https:\/\/fruterialidia.com\/wp-content\/uploads\/2026\/02\/Recurso-3@10x-8-scaled-1-1024x484.png","contentUrl":"https:\/\/fruterialidia.com\/wp-content\/uploads\/2026\/02\/Recurso-3@10x-8-scaled-1-1024x484.png"},{"@type":"BreadcrumbList","@id":"https:\/\/fruterialidia.com\/#breadcrumb","itemListElement":[{"@type":"ListItem","position":1,"name":"Portada","item":"https:\/\/fruterialidia.com\/"},{"@type":"ListItem","position":2,"name":"Inicio"}]},{"@type":"WebSite","@id":"https:\/\/fruterialidia.com\/#website","url":"https:\/\/fruterialidia.com\/","name":"Fruter\u00eda Lidia","description":"","publisher":{"@id":"https:\/\/fruterialidia.com\/#organization"},"potentialAction":[{"@type":"SearchAction","target":{"@type":"EntryPoint","urlTemplate":"https:\/\/fruterialidia.com\/?s={search_term_string}"},"query-input":{"@type":"PropertyValueSpecification","valueRequired":true,"valueName":"search_term_string"}}],"inLanguage":"en-GB"},{"@type":"Organization","@id":"https:\/\/fruterialidia.com\/#organization","name":"Fruter\u00eda Lidia","url":"https:\/\/fruterialidia.com\/","logo":{"@type":"ImageObject","inLanguage":"en-GB","@id":"https:\/\/fruterialidia.com\/#\/schema\/logo\/image\/","url":"https:\/\/fruterialidia.com\/wp-content\/uploads\/2026\/02\/cropped-canquintanafruites202511_logo_web.png","contentUrl":"https:\/\/fruterialidia.com\/wp-content\/uploads\/2026\/02\/cropped-canquintanafruites202511_logo_web.png","width":1079,"height":1020,"caption":"Fruter\u00eda Lidia"},"image":{"@id":"https:\/\/fruterialidia.com\/#\/schema\/logo\/image\/"}}]}},"_links":{"self":[{"href":"https:\/\/fruterialidia.com\/en\/wp-json\/wp\/v2\/pages\/28","targetHints":{"allow":["GET"]}}],"collection":[{"href":"https:\/\/fruterialidia.com\/en\/wp-json\/wp\/v2\/pages"}],"about":[{"href":"https:\/\/fruterialidia.com\/en\/wp-json\/wp\/v2\/types\/page"}],"author":[{"embeddable":true,"href":"https:\/\/fruterialidia.com\/en\/wp-json\/wp\/v2\/users\/1"}],"replies":[{"embeddable":true,"href":"https:\/\/fruterialidia.com\/en\/wp-json\/wp\/v2\/comments?post=28"}],"version-history":[{"count":25,"href":"https:\/\/fruterialidia.com\/en\/wp-json\/wp\/v2\/pages\/28\/revisions"}],"predecessor-version":[{"id":147,"href":"https:\/\/fruterialidia.com\/en\/wp-json\/wp\/v2\/pages\/28\/revisions\/147"}],"wp:attachment":[{"href":"https:\/\/fruterialidia.com\/en\/wp-json\/wp\/v2\/media?parent=28"}],"curies":[{"name":"wp","href":"https:\/\/api.w.org\/{rel}","templated":true}]}}